{"id":1492,"date":"2024-01-11T11:18:34","date_gmt":"2024-01-11T11:18:34","guid":{"rendered":"https:\/\/kineopatik.com\/aviso-legal-i-politica-de-privacidad\/"},"modified":"2024-01-11T11:36:29","modified_gmt":"2024-01-11T11:36:29","slug":"aviso-legal-i-politica-de-privacidad","status":"publish","type":"page","link":"https:\/\/kineopatik.com\/es\/aviso-legal-i-politica-de-privacidad\/","title":{"rendered":"Aviso Legal i Pol\u00edtica de Privacidad"},"content":{"rendered":"\t\t<div data-elementor-type=\"wp-page\" data-elementor-id=\"1492\" class=\"elementor elementor-1492 elementor-1485\">\n\t\t\t\t\t\t\t\t\t<section class=\"elementor-section elementor-top-section elementor-element elementor-element-1f72be9 elementor-section-content-middle elementor-section-boxed elementor-section-height-default elementor-section-height-default\" data-id=\"1f72be9\" data-element_type=\"section\" data-settings=\"{&quot;background_background&quot;:&quot;classic&quot;}\">\n\t\t\t\t\t\t\t<div class=\"elementor-background-overlay\"><\/div>\n\t\t\t\t\t\t\t<div class=\"elementor-container elementor-column-gap-no\">\n\t\t\t\t\t<div class=\"elementor-column elementor-col-100 elementor-top-column elementor-element elementor-element-ef9ba2e\" data-id=\"ef9ba2e\" data-element_type=\"column\">\n\t\t\t<div class=\"elementor-widget-wrap elementor-element-populated\">\n\t\t\t\t\t\t\t\t<div class=\"elementor-element elementor-element-23a935a elementor-widget elementor-widget-heading\" data-id=\"23a935a\" data-element_type=\"widget\" data-widget_type=\"heading.default\">\n\t\t\t\t<div class=\"elementor-widget-container\">\n\t\t\t<style>\/*! elementor - v3.6.2 - 04-04-2022 *\/\n.elementor-heading-title{padding:0;margin:0;line-height:1}.elementor-widget-heading .elementor-heading-title[class*=elementor-size-]>a{color:inherit;font-size:inherit;line-height:inherit}.elementor-widget-heading .elementor-heading-title.elementor-size-small{font-size:15px}.elementor-widget-heading .elementor-heading-title.elementor-size-medium{font-size:19px}.elementor-widget-heading .elementor-heading-title.elementor-size-large{font-size:29px}.elementor-widget-heading .elementor-heading-title.elementor-size-xl{font-size:39px}.elementor-widget-heading .elementor-heading-title.elementor-size-xxl{font-size:59px}<\/style><h1 class=\"elementor-heading-title elementor-size-default\">Aviso Legal i Pol\u00edtica de Privacidad<\/h1>\t\t<\/div>\n\t\t\t\t<\/div>\n\t\t\t\t<div class=\"elementor-element elementor-element-c3f56b5 elementor-widget-divider--view-line elementor-widget elementor-widget-divider\" data-id=\"c3f56b5\" data-element_type=\"widget\" data-widget_type=\"divider.default\">\n\t\t\t\t<div class=\"elementor-widget-container\">\n\t\t\t<style>\/*! elementor - v3.6.2 - 04-04-2022 *\/\n.elementor-widget-divider{--divider-border-style:none;--divider-border-width:1px;--divider-color:#2c2c2c;--divider-icon-size:20px;--divider-element-spacing:10px;--divider-pattern-height:24px;--divider-pattern-size:20px;--divider-pattern-url:none;--divider-pattern-repeat:repeat-x}.elementor-widget-divider .elementor-divider{display:-webkit-box;display:-ms-flexbox;display:flex}.elementor-widget-divider .elementor-divider__text{font-size:15px;line-height:1;max-width:95%}.elementor-widget-divider .elementor-divider__element{margin:0 var(--divider-element-spacing);-ms-flex-negative:0;flex-shrink:0}.elementor-widget-divider .elementor-icon{font-size:var(--divider-icon-size)}.elementor-widget-divider .elementor-divider-separator{display:-webkit-box;display:-ms-flexbox;display:flex;margin:0;direction:ltr}.elementor-widget-divider--view-line_icon .elementor-divider-separator,.elementor-widget-divider--view-line_text .elementor-divider-separator{-webkit-box-align:center;-ms-flex-align:center;align-items:center}.elementor-widget-divider--view-line_icon .elementor-divider-separator:after,.elementor-widget-divider--view-line_icon .elementor-divider-separator:before,.elementor-widget-divider--view-line_text .elementor-divider-separator:after,.elementor-widget-divider--view-line_text .elementor-divider-separator:before{display:block;content:\"\";border-bottom:0;-webkit-box-flex:1;-ms-flex-positive:1;flex-grow:1;border-top:var(--divider-border-width) var(--divider-border-style) var(--divider-color)}.elementor-widget-divider--element-align-left .elementor-divider .elementor-divider-separator>.elementor-divider__svg:first-of-type{-webkit-box-flex:0;-ms-flex-positive:0;flex-grow:0;-ms-flex-negative:100;flex-shrink:100}.elementor-widget-divider--element-align-left .elementor-divider-separator:before{content:none}.elementor-widget-divider--element-align-left .elementor-divider__element{margin-left:0}.elementor-widget-divider--element-align-right .elementor-divider .elementor-divider-separator>.elementor-divider__svg:last-of-type{-webkit-box-flex:0;-ms-flex-positive:0;flex-grow:0;-ms-flex-negative:100;flex-shrink:100}.elementor-widget-divider--element-align-right .elementor-divider-separator:after{content:none}.elementor-widget-divider--element-align-right .elementor-divider__element{margin-right:0}.elementor-widget-divider:not(.elementor-widget-divider--view-line_text):not(.elementor-widget-divider--view-line_icon) .elementor-divider-separator{border-top:var(--divider-border-width) var(--divider-border-style) var(--divider-color)}.elementor-widget-divider--separator-type-pattern{--divider-border-style:none}.elementor-widget-divider--separator-type-pattern.elementor-widget-divider--view-line .elementor-divider-separator,.elementor-widget-divider--separator-type-pattern:not(.elementor-widget-divider--view-line) .elementor-divider-separator:after,.elementor-widget-divider--separator-type-pattern:not(.elementor-widget-divider--view-line) .elementor-divider-separator:before,.elementor-widget-divider--separator-type-pattern:not([class*=elementor-widget-divider--view]) .elementor-divider-separator{width:100%;min-height:var(--divider-pattern-height);-webkit-mask-size:var(--divider-pattern-size) 100%;mask-size:var(--divider-pattern-size) 100%;-webkit-mask-repeat:var(--divider-pattern-repeat);mask-repeat:var(--divider-pattern-repeat);background-color:var(--divider-color);-webkit-mask-image:var(--divider-pattern-url);mask-image:var(--divider-pattern-url)}.elementor-widget-divider--no-spacing{--divider-pattern-size:auto}.elementor-widget-divider--bg-round{--divider-pattern-repeat:round}.rtl .elementor-widget-divider .elementor-divider__text{direction:rtl}<\/style>\t\t<div class=\"elementor-divider\">\n\t\t\t<span class=\"elementor-divider-separator\">\n\t\t\t\t\t\t<\/span>\n\t\t<\/div>\n\t\t\t\t<\/div>\n\t\t\t\t<\/div>\n\t\t\t\t\t<\/div>\n\t\t<\/div>\n\t\t\t\t\t\t\t<\/div>\n\t\t<\/section>\n\t\t\t\t<section class=\"elementor-section elementor-top-section elementor-element elementor-element-c127f52 elementor-section-boxed elementor-section-height-default elementor-section-height-default\" data-id=\"c127f52\" data-element_type=\"section\">\n\t\t\t\t\t\t<div class=\"elementor-container elementor-column-gap-default\">\n\t\t\t\t\t<div class=\"elementor-column elementor-col-100 elementor-top-column elementor-element elementor-element-4c8b9c7\" data-id=\"4c8b9c7\" data-element_type=\"column\">\n\t\t\t<div class=\"elementor-widget-wrap elementor-element-populated\">\n\t\t\t\t\t\t\t\t<div class=\"elementor-element elementor-element-1febdb4 elementor-widget elementor-widget-text-editor\" data-id=\"1febdb4\" data-element_type=\"widget\" data-widget_type=\"text-editor.default\">\n\t\t\t\t<div class=\"elementor-widget-container\">\n\t\t\t<style>\/*! elementor - v3.6.2 - 04-04-2022 *\/\n.elementor-widget-text-editor.elementor-drop-cap-view-stacked .elementor-drop-cap{background-color:#818a91;color:#fff}.elementor-widget-text-editor.elementor-drop-cap-view-framed .elementor-drop-cap{color:#818a91;border:3px solid;background-color:transparent}.elementor-widget-text-editor:not(.elementor-drop-cap-view-default) .elementor-drop-cap{margin-top:8px}.elementor-widget-text-editor:not(.elementor-drop-cap-view-default) .elementor-drop-cap-letter{width:1em;height:1em}.elementor-widget-text-editor .elementor-drop-cap{float:left;text-align:center;line-height:1;font-size:50px}.elementor-widget-text-editor .elementor-drop-cap-letter{display:inline-block}<\/style>\t\t\t\t<p><strong>Aviso Legal<\/strong><\/p>\n<p>El presente Aviso Legal regula el uso del servicio del portal de Internet con direcci\u00f3n www.kineopatik.com, cuyo responsable a efectos identificativos es:<\/p>\n<p><\/p>\n<ul>\n<li>RESPONSABLE: <strong><u>KINEOPATIK, S.L.<\/u><\/strong><\/li>\n<li>CIF: <strong><u>B66306705<\/u><\/strong><\/li>\n<li>Direcci\u00f3n: RONDA GENERAL MITRE 161 BAJOS, 08022, BARCELONA<\/li>\n<li>Mail: kineopatik@gmail.com<\/li>\n<\/ul>\n\n<p><strong>Legislaci\u00f3n<\/strong><br>Con car\u00e1cter general las relaciones entre KINEOPATIK, S.L. con los Usuarios de sus servicios telem\u00e1ticos, presentes en la Web, se encuentran sometidas a la legislaci\u00f3n y jurisdicci\u00f3n espa\u00f1olas.<\/p>\n<p>Las partes renuncian expresamente al fuero que les pudiera corresponder y someten expresamente a los Juzgados y Tribunales de Barcelona para resolver cualquier controversia que pueda surgir en la interpretaci\u00f3n o ejecuci\u00f3n de las presentes condiciones contractuales.<\/p>\n<p><strong>Contenido y uso<\/strong><br>El Usuario queda informado, y acepta, que el acceso a la presente web no supone, en modo alguno, el inicio de una relaci\u00f3n comercial con KINEOPATIK, S.L.<\/p>\n<p>El titular del Web no se identifica con las opiniones vertidas en el mismo por sus colaboradores. La Empresa se reserva el derecho de efectuar sin previo aviso las modificaciones que considere oportunas en su Web, pudiendo cambiar, suprimir o a\u00f1adir tanto los contenidos y servicios que se presten a trav\u00e9s de la misma como la forma en la que \u00e9stos aparezcan presentados o localizados en sus servidores.<\/p>\n<p><strong>Propiedad intelectual e industrial<\/strong><br>Los derechos de propiedad intelectual del contenido de las p\u00e1ginas web, su dise\u00f1o gr\u00e1fico y c\u00f3digos son titularidad de KINEOPATIK, S.L. y, por tanto, queda prohibida su reproducci\u00f3n, distribuci\u00f3n, comunicaci\u00f3n p\u00fablica, transformaci\u00f3n o cualquier otra actividad que se pueda realizar con los contenidos de sus p\u00e1ginas web ni aun citando las fuentes, salvo consentimiento por escrito de KINEOPATIK, S.L. Todos los nombres comerciales, marcas o signos distintos de cualquier clase contenidos en las p\u00e1ginas web de la Empresa son propiedad de sus due\u00f1os y est\u00e1n protegidos por ley.<\/p>\n<p><strong>Enlaces (Links)<\/strong><br>La presencia de enlaces (links) en las p\u00e1ginas web de KINEOPATIK, S.L. tiene finalidad meramente informativa y en ning\u00fan caso supone sugerencia, invitaci\u00f3n o recomendaci\u00f3n sobre los mismos.<\/p>\n<p><strong>Pol\u00edtica de Privacidad<\/strong><\/p>\n<p><strong>&nbsp;<\/strong><\/p>\n<p><\/p>\n<p>La presente Pol\u00edtica de Privacidad regula el uso del servicio del portal de Internet con direcci\u00f3n <a href=\"http:\/\/www.kineopatik.com\">www.kineopatik.com<\/a> cuyo responsable a efectos identificativos es:<\/p>\n<p><strong>&nbsp;<\/strong><\/p>\n<p><\/p>\n<ul>\n<li>RESPONSABLE: <strong><u>KINEOPATIK, S.L.<\/u><\/strong><\/li>\n<li>CIF: <strong><u>B66306705<\/u><\/strong><\/li>\n<li>Direcci\u00f3n: RONDA GENERAL MITRE 161 BAJOS, 08022, BARCELONA<\/li>\n<li>Mail: kineopatik@gmail.com<\/li>\n<\/ul>\n<p><\/p>\n<p><strong>Finalidad, \u00bfPara qu\u00e9 tratamos sus datos?<\/strong><\/p>\n<p><\/p>\n<p>A efecto de lo previsto en RGPD de 27 de abril de 2016, y la LO 3\/2018, trataremos los datos que recojamos para las siguientes finalidades:<\/p>\n<p><\/p>\n<ul>\n<li>Contactar con usted en caso de que as\u00ed nos lo pida.<\/li>\n<li>Gestionar su navegaci\u00f3n en la web, en su caso.<\/li>\n<li>Remitirle comunicaciones comerciales acerca de nuestras actividades.<\/li>\n<\/ul>\n<p>La cumplimentaci\u00f3n del formulario de registro ser\u00e1 obligatoria para acceder y disfrutar de determinados servicios ofrecidos en la web. El no facilitar los datos personales solicitados o el no aceptar la presente pol\u00edtica de privacidad de datos supone la imposibilidad de registrarse, suscribirse o participar en cualquiera de las promociones en las que se soliciten datos car\u00e1cter personal.<\/p>\n<p><\/p>\n<p><strong>Legitimaci\u00f3n, \u00bfCu\u00e1l es la legitimaci\u00f3n para el tratamiento de sus datos?<\/strong><\/p>\n<p><\/p>\n<p>La base legal para el tratamiento de sus datos se basar\u00e1 en:<\/p>\n<p><\/p>\n<ul>\n<li>El consentimiento del interesado, para el tratamiento de sus datos, conforme el art\u00edculo 6. 1. a) del Reglamento General Europeo de Protecci\u00f3n de Datos.<\/li>\n<\/ul>\n<ul>\n<li>La necesaria ejecuci\u00f3n de un contrato en el que el interesado es parte o para la aplicaci\u00f3n a petici\u00f3n de este de medidas precontractuales, conforme el art\u00edculo 6. 1. b) del Reglamento General Europeo de Protecci\u00f3n de Datos.<\/li>\n<\/ul>\n<p><strong>Destinatarios \u00bfA qui\u00e9n comunicamos tus datos?<\/strong><\/p>\n<p><\/p>\n<p>Los datos personales no ser\u00e1n objeto de cesi\u00f3n salvo en el cumplimiento de obligaciones legalmente establecidas o para dar soporte a los servicios vinculados a este tratamiento.<\/p>\n<p><\/p>\n<p><strong>Conservaci\u00f3n, \u00bfDurante cu\u00e1nto tiempo conservamos tus datos?<\/strong><\/p>\n<p><\/p>\n<p>Conservaremos sus datos de car\u00e1cter personal durante al menos 5 a\u00f1os en caso de que sea cliente y para el estricto cumplimiento de las obligaciones legales establecidas en la normativa.<\/p>\n<p><\/p>\n<p>En caso de no ser cliente conservaremos sus datos el m\u00ednimo tiempo indispensable para gestionar nuestra relaci\u00f3n.<\/p>\n<p><\/p>\n<p><strong>Derechos, \u00bfCu\u00e1les son tus derechos cuando nos facilitas tus datos?<\/strong><\/p>\n<p><\/p>\n<p>Cualquier persona tiene derecho a obtener confirmaci\u00f3n sobre si est\u00e1 tratando datos personales que le conciernan.<\/p>\n<p><\/p>\n<p>Las personas interesadas tienen derecho a poder acceder a sus datos personales, as\u00ed como a solicitar la rectificaci\u00f3n de los datos inexactos o, en su caso, solicitar su supresi\u00f3n cuando, entre otros motivos, los datos ya no sean necesarios para los fines que fueron recogidos.<\/p>\n<p><\/p>\n<p>En determinadas circunstancias, las personas interesadas podr\u00e1n solicitar la limitaci\u00f3n del tratamiento de sus datos, en cuyo caso \u00fanicamente los conservaremos para el ejercicio o la defensa de reclamaciones.<\/p>\n<p><\/p>\n<p>En determinadas circunstancias y por motivos relacionados con su situaci\u00f3n particular, las personas interesadas podr\u00e1n oponerse al tratamiento de sus datos. En tal caso, dejar\u00e1n de tratarse los datos, salvo por motivos leg\u00edtimos o el ejercicio o la defensa de posibles reclamaciones.<\/p>\n<p><\/p>\n<p>Las personas interesadas podr\u00e1n solicitar la portabilidad de los datos para obtener los datos que han proporcionado en un formato estructurado, de uso com\u00fan y de lectura mec\u00e1nica, para ser descargados por s\u00ed mismos o transmitidos a otra entidad.<\/p>\n<p><\/p>\n<p>La persona interesada puede ejercitar sus derechos dirigi\u00e9ndose a la direcci\u00f3n f\u00edsica RONDA GENERAL MITRE 161 BAJOS, 08022, BARCELONA<\/p>\n<p><\/p>\n<p><strong>Consentimiento menores, \u00bfQu\u00e9 pasa si eres menor de edad?<\/strong><\/p>\n<p><\/p>\n<p>En el supuesto que algunos de nuestros servicios vayan dirigidos espec\u00edficamente a menores de catorce a\u00f1os, solicitaremos la conformidad de los padres o tutores para la recogida de los datos personales o, en su caso, para el tratamiento automatizado de los datos conforme el art\u00edculo 7 de la LOPDGDD.<\/p>\n<p><\/p>\n<p><strong>Exactitud, veracidad y seguridad de los datos, \u00bfC\u00f3mo tratamos tus datos?<\/strong><\/p>\n<p><\/p>\n<p>El Usuario es el \u00fanico responsable de la veracidad y correcci\u00f3n de los datos incluidos, exoner\u00e1ndonos de cualquier responsabilidad al respecto. Los usuarios garantizan y responden, en cualquier caso, de la exactitud, vigencia y autenticidad de los datos personales facilitados, y se comprometen a mantenerlos debidamente actualizados. El usuario acepta proporcionar informaci\u00f3n completa y correcta en los formularios de registro o suscripci\u00f3n. No responderemos de la veracidad de las informaciones que no sean de elaboraci\u00f3n propia y de las que se indique otra fuente, por lo que tampoco asume responsabilidad alguna en cuanto a hipot\u00e9ticos perjuicios que pudieran originarse por el uso de dicha informaci\u00f3n.<\/p>\n<p><\/p>\n<p>Tambi\u00e9n reservaremos el derecho a actualizar, modificar o eliminar la informaci\u00f3n contenida en la web pudiendo incluso limitar o no permitir el acceso a dicha informaci\u00f3n.<\/p>\n<p>No seremos responsables ante cualquier da\u00f1o o perjuicio que pudiera sufrir el Usuario como consecuencia de errores, defectos u omisiones, en la informaci\u00f3n facilitada por el responsable siempre que proceda de fuentes ajenas.<\/p>\n<p><\/p>\n<p>Los datos ser\u00e1n tratados de forma confidencial y bajo el sometimiento a medidas t\u00e9cnicas y organizativas de seguridad adecuadas para evitar su alteraci\u00f3n, p\u00e9rdida, tratamiento o acceso no autorizado.<\/p>\n<p><\/p>\n<p>Podr\u00e1 presentar una reclamaci\u00f3n ante la Agencia Espa\u00f1ola de Protecci\u00f3n de Datos, especialmente cuando no haya obtenido satisfacci\u00f3n en el ejercicio de sus derechos, en la direcci\u00f3n postal y\/o electr\u00f3nica indicada en la p\u00e1gina www.aepd.es.<\/p>\t\t\t\t\t\t<\/div>\n\t\t\t\t<\/div>\n\t\t\t\t\t<\/div>\n\t\t<\/div>\n\t\t\t\t\t\t\t<\/div>\n\t\t<\/section>\n\t\t\t\t\t\t\t<\/div>\n\t\t","protected":false},"excerpt":{"rendered":"<p>Aviso Legal i Pol\u00edtica de Privacidad Aviso Legal El presente Aviso Legal regula el uso del servicio del portal de Internet con direcci\u00f3n www.kineopatik.com, cuyo responsable a efectos identificativos es: RESPONSABLE: KINEOPATIK, S.L. CIF: B66306705 Direcci\u00f3n: RONDA GENERAL MITRE 161 BAJOS, 08022, BARCELONA Mail: kineopatik@gmail.com Legislaci\u00f3nCon car\u00e1cter general las relaciones entre KINEOPATIK, S.L. con los &hellip;<\/p>\n<p class=\"read-more\"> <a class=\"\" href=\"https:\/\/kineopatik.com\/es\/aviso-legal-i-politica-de-privacidad\/\"> <span class=\"screen-reader-text\">Aviso Legal i Pol\u00edtica de Privacidad<\/span> Leer m\u00e1s \u00bb<\/a><\/p>\n","protected":false},"author":1,"featured_media":0,"parent":0,"menu_order":0,"comment_status":"closed","ping_status":"closed","template":"","meta":{"_seopress_robots_primary_cat":"","_seopress_titles_title":"","_seopress_titles_desc":"","_seopress_robots_index":"","site-sidebar-layout":"no-sidebar","site-content-layout":"page-builder","ast-main-header-display":"","ast-hfb-above-header-display":"","ast-hfb-below-header-display":"","ast-hfb-mobile-header-display":"","site-post-title":"disabled","ast-breadcrumbs-content":"","ast-featured-img":"disabled","footer-sml-layout":"","theme-transparent-header-meta":"","adv-header-id-meta":"","stick-header-meta":"","header-above-stick-meta":"","header-main-stick-meta":"","header-below-stick-meta":""},"_links":{"self":[{"href":"https:\/\/kineopatik.com\/es\/wp-json\/wp\/v2\/pages\/1492"}],"collection":[{"href":"https:\/\/kineopatik.com\/es\/wp-json\/wp\/v2\/pages"}],"about":[{"href":"https:\/\/kineopatik.com\/es\/wp-json\/wp\/v2\/types\/page"}],"author":[{"embeddable":true,"href":"https:\/\/kineopatik.com\/es\/wp-json\/wp\/v2\/users\/1"}],"replies":[{"embeddable":true,"href":"https:\/\/kineopatik.com\/es\/wp-json\/wp\/v2\/comments?post=1492"}],"version-history":[{"count":1,"href":"https:\/\/kineopatik.com\/es\/wp-json\/wp\/v2\/pages\/1492\/revisions"}],"predecessor-version":[{"id":1493,"href":"https:\/\/kineopatik.com\/es\/wp-json\/wp\/v2\/pages\/1492\/revisions\/1493"}],"wp:attachment":[{"href":"https:\/\/kineopatik.com\/es\/wp-json\/wp\/v2\/media?parent=1492"}],"curies":[{"name":"wp","href":"https:\/\/api.w.org\/{rel}","templated":true}]}}